{"id":538,"date":"2023-11-02T02:45:23","date_gmt":"2023-11-02T02:45:23","guid":{"rendered":"https:\/\/migrainetracker.ca\/problemes-connus\/"},"modified":"2025-12-14T15:27:39","modified_gmt":"2025-12-14T15:27:39","slug":"problemes-connus","status":"publish","type":"page","link":"https:\/\/migrainetracker.ca\/fr\/problemes-connus\/","title":{"rendered":"Probl\u00e8mes connus"},"content":{"rendered":"<div class=\"wpb-content-wrapper\"><p>[vc_row][vc_column][vc_column_text css=\u00a0\u00bb\u00a0\u00bb]<\/p>\n<h2 class=\"wp-block-heading\">2025-08-07 Nouvelle fonctionnalit\u00e9 &#8211; d\u00e9connexion automatique<\/h2>\n\n<p>La version 8.0 de l&rsquo;application, lanc\u00e9e le 21 juillet 2025, introduit une nouvelle fonctionnalit\u00e9 de s\u00e9curit\u00e9. \u00c0 la fermeture de l&rsquo;application, vous serez invit\u00e9 \u00e0 vous reconnecter.<\/p>\n\n<p>L&rsquo;application se ferme lorsque<\/p>\n\n\n<ol class=\"wp-block-list\" start=\"1\">\n<li style=\"list-style-type: none;\">\n<ol class=\"wp-block-list\" start=\"1\"><\/p>\n<li>Vous cliquez et faites glisser la fen\u00eatre vers le haut (glissez vers le haut).<\/li>\n\n\n<li>Lorsque vous red\u00e9marrez votre t\u00e9l\u00e9phone.<\/li>\n\n\n<li>Lorsque votre appareil ferme les applications inutilis\u00e9es, par exemple pour \u00e9conomiser la batterie.<\/li>\n<\/ol>\n<\/li>\n<\/ol>\n\n\n<p>Si l&rsquo;application n&rsquo;est pas ferm\u00e9e, vous ne serez pas invit\u00e9 \u00e0 vous reconnecter.<\/p>\n\n<p>Voici quelques conseils pour garantir que l\u2019application ne se ferme pas accidentellement\u00a0:<\/p>\n\n\n<h3 class=\"wp-block-heading\"><strong>Android<\/strong><\/h3>\n\n<p><br \/><a href=\"https:\/\/www.youtube.com\/watch?v=LewTroqe_PM&amp;t=5s\" target=\"_blank\" rel=\"noopener\"> https:\/\/www.youtube.com\/watch?v=LewTroqe_PM&amp;t=5s<\/a><\/p>\n\n<p>Cela peut vous aider sur les t\u00e9l\u00e9phones Samsung\u00a0:<\/p>\n\n<p><a href=\"https:\/\/www.samsung.com\/us\/support\/answer\/ANS10001359\" target=\"_blank\" rel=\"noreferrer noopener\">https:\/\/www.samsung.com\/us\/support\/answer\/ANS10001359<\/a><\/p>\n\n<p><a href=\"https:\/\/eu.community.samsung.com\/t5\/galaxy-a-series\/how-do-i-lock-an-app-to-keep-open-in-the-background\/td-p\/10234895\" target=\"_blank\" rel=\"noreferrer noopener\">https:\/\/eu.community.samsung.com\/t5\/galaxy-a-series\/how-do-i-lock-an-app-to-keep-open-in-the-background\/td-p\/10234895<\/a><\/p>\n\n\n<h3 class=\"wp-block-heading\"><strong>iOS (iPhone)<\/strong><\/h3>\n\n<p>Activez cette option\u00a0: Param\u00e8tres du t\u00e9l\u00e9phone -&gt; Applications -&gt; Migraine Tracker -&gt; Actualisation de l&rsquo;application en arri\u00e8re-plan<\/p>\n<h3 class=\"wp-block-heading\">Status : Ajout de \u00ab\u00a0Se souvenir de moi\u00a0\u00bb la version 8.1<\/h3>\n\n\n<h2 class=\"wp-block-heading\">2025-08-07 Couleurs de graphique incorrectes sur la page d&rsquo;affichage r\u00e9capitulatif<\/h2>\n\n<p>Les couleurs sont incorrectes sur le graphique de page r\u00e9sum\u00e9.<\/p>\n\n\n<figure class=\"wp-block-image size-full\"><img loading=\"lazy\" decoding=\"async\" width=\"600\" height=\"415\" class=\"wp-image-991\" src=\"https:\/\/migrainetracker.ca\/wp-content\/uploads\/2025\/08\/piechart_color_en.jpg\" alt=\"\" srcset=\"https:\/\/migrainetracker.ca\/wp-content\/uploads\/2025\/08\/piechart_color_en.jpg 600w, https:\/\/migrainetracker.ca\/wp-content\/uploads\/2025\/08\/piechart_color_en-300x208.jpg 300w\" sizes=\"auto, (max-width: 600px) 100vw, 600px\" \/><\/figure>\n\n<p>Les couleurs de la colonne de droite et le nombre d&rsquo;enregistrements sont bons..<\/p>\n\n<p>Les couleurs sont correctes sur le Rapport sommaire de vos migraines (PDF) que vous avez envoy\u00e9 \u00e0 votre m\u00e9decin.<\/p>\n\n\n<h3 class=\"wp-block-heading\">Statut : Corrig\u00e9 avec la version 8.0.1<\/h3>\n\n\n<h2 class=\"wp-block-heading\">2025-08-16 Questionnaire MIDAS incorrect<\/h2>\n\n<p>Veuillez noter que le questionnaire MIDAS est actuellement incorrect. Nous corrigerons ce probl\u00e8me dans notre prochaine version. Vous pouvez continuer \u00e0 remplir le questionnaire HIT-6.<\/p>\n\n\n<h3 class=\"wp-block-heading\">Statut : Corrig\u00e9 avec la version 8.0.2<\/h3>\n\n\n<h2 class=\"wp-block-heading\">2025-08-16 L\u2019appli n\u2019est pas compatible avec la barre de navigation des appareils Samsung Galaxy<\/h2>\n\n<p>La barre de navigation du Samsung Galaxy peut chevaucher les boutons du Calendrier canadien des migraines.<\/p>\n\n\n<figure class=\"wp-block-image size-large is-resized\"><img loading=\"lazy\" decoding=\"async\" width=\"569\" height=\"1024\" class=\"wp-image-1032\" style=\"width: 282px; height: auto;\" src=\"https:\/\/migrainetracker.ca\/wp-content\/uploads\/2025\/08\/navigation2_bar-569x1024.jpg\" alt=\"\" srcset=\"https:\/\/migrainetracker.ca\/wp-content\/uploads\/2025\/08\/navigation2_bar-569x1024.jpg 569w, https:\/\/migrainetracker.ca\/wp-content\/uploads\/2025\/08\/navigation2_bar-167x300.jpg 167w, https:\/\/migrainetracker.ca\/wp-content\/uploads\/2025\/08\/navigation2_bar-768x1382.jpg 768w, https:\/\/migrainetracker.ca\/wp-content\/uploads\/2025\/08\/navigation2_bar-853x1536.jpg 853w, https:\/\/migrainetracker.ca\/wp-content\/uploads\/2025\/08\/navigation2_bar.jpg 1000w\" sizes=\"auto, (max-width: 569px) 100vw, 569px\" \/><\/figure>\n\n<p>Alternative : Vous pouvez d\u00e9sactiver la barre de navigation de votre Samsung Galaxy<\/p>\n\n<p><a href=\"https:\/\/www.samsung.com\/ph\/support\/mobile-devices\/how-to-hide-the-navigation-bar-on-galaxy-devices\" target=\"_blank\" rel=\"noreferrer noopener\">https:\/\/www.samsung.com\/ph\/support\/mobile-devices\/how-to-hide-the-navigation-bar-on-galaxy-devices<\/a><\/p>\n<h3 class=\"wp-block-heading\">Status : Corrig\u00e9 avec la version 8.1<\/h3>\n\n\n<h2 class=\"wp-block-heading\">2025-08-31 Fin abrupte de l&rsquo;app lorsque vous ajoutez 2 m\u00e9dicaments de crise simulatan\u00e9ment<\/h2>\n\n<p>L&rsquo;application se termine anormalement lorsque vous essayez d&rsquo;ajouter deux m\u00e9dicaments de crise simultan\u00e9ment depuis votre profil. Ce probl\u00e8me se produit lorsque vous ajoutez des m\u00e9dicaments par cat\u00e9gorie.<\/p>\n\n\n<h3 class=\"wp-block-heading\">Status : Corrig\u00e9 avec la version 8.0.3<\/h3>\n\n\n<p>&nbsp;<\/p>\n<p>[\/vc_column_text][\/vc_column][\/vc_row]<\/p>\n<\/div>","protected":false},"excerpt":{"rendered":"<p>[vc_row][vc_column][vc_column_text css=\u00a0\u00bb\u00a0\u00bb] 2025-08-07 Nouvelle fonctionnalit\u00e9 &#8211; d\u00e9connexion automatique La version 8.0 de l&rsquo;application, lanc\u00e9e le 21 juillet 2025, introduit une nouvelle fonctionnalit\u00e9 de s\u00e9curit\u00e9. \u00c0 la fermeture de l&rsquo;application, vous serez invit\u00e9 \u00e0 vous reconnecter. L&rsquo;application se ferme lorsque Vous cliquez et faites glisser la&#8230;<\/p>\n","protected":false},"author":1,"featured_media":0,"parent":0,"menu_order":0,"comment_status":"closed","ping_status":"closed","template":"","meta":{"footnotes":""},"class_list":["post-538","page","type-page","status-publish","hentry"],"_links":{"self":[{"href":"https:\/\/migrainetracker.ca\/fr\/wp-json\/wp\/v2\/pages\/538","targetHints":{"allow":["GET"]}}],"collection":[{"href":"https:\/\/migrainetracker.ca\/fr\/wp-json\/wp\/v2\/pages"}],"about":[{"href":"https:\/\/migrainetracker.ca\/fr\/wp-json\/wp\/v2\/types\/page"}],"author":[{"embeddable":true,"href":"https:\/\/migrainetracker.ca\/fr\/wp-json\/wp\/v2\/users\/1"}],"replies":[{"embeddable":true,"href":"https:\/\/migrainetracker.ca\/fr\/wp-json\/wp\/v2\/comments?post=538"}],"version-history":[{"count":21,"href":"https:\/\/migrainetracker.ca\/fr\/wp-json\/wp\/v2\/pages\/538\/revisions"}],"predecessor-version":[{"id":1056,"href":"https:\/\/migrainetracker.ca\/fr\/wp-json\/wp\/v2\/pages\/538\/revisions\/1056"}],"wp:attachment":[{"href":"https:\/\/migrainetracker.ca\/fr\/wp-json\/wp\/v2\/media?parent=538"}],"curies":[{"name":"wp","href":"https:\/\/api.w.org\/{rel}","templated":true}]}}