{"id":207,"date":"2019-10-14T11:43:43","date_gmt":"2019-10-14T11:43:43","guid":{"rendered":"https:\/\/migrainetracker.ca\/?page_id=207"},"modified":"2025-07-27T02:51:33","modified_gmt":"2025-07-27T02:51:33","slug":"aide-du-calendrier-des-migraines","status":"publish","type":"page","link":"https:\/\/migrainetracker.ca\/fr\/aide-du-calendrier-des-migraines\/","title":{"rendered":"Aide du calendrier des migraines"},"content":{"rendered":"\n<h3 class=\"wp-block-heading\"><strong>Partie sup\u00e9rieure de la page<\/strong><\/h3>\n\n\n\n<p>Cette section affiche le calendrier mensuel. Chaque fois que vous enregistrez une nouvelle migraine ou une nouvelle journ\u00e9e sans migraine, l&rsquo;application Calendrier canadien des migraines ajoute un cercle autour de la date de l\u2019enregistrement.<\/p>\n\n\n\n<figure class=\"wp-block-image\"><img loading=\"lazy\" decoding=\"async\" width=\"835\" height=\"1181\" src=\"https:\/\/migrainetracker.ca\/wp-content\/uploads\/2019\/08\/calendar_legend-fr.jpg\" alt=\"\" class=\"wp-image-147\" srcset=\"https:\/\/migrainetracker.ca\/wp-content\/uploads\/2019\/08\/calendar_legend-fr.jpg 835w, https:\/\/migrainetracker.ca\/wp-content\/uploads\/2019\/08\/calendar_legend-fr-212x300.jpg 212w, https:\/\/migrainetracker.ca\/wp-content\/uploads\/2019\/08\/calendar_legend-fr-768x1086.jpg 768w, https:\/\/migrainetracker.ca\/wp-content\/uploads\/2019\/08\/calendar_legend-fr-724x1024.jpg 724w\" sizes=\"auto, (max-width: 835px) 100vw, 835px\" \/><\/figure>\n\n\n\n<figure class=\"wp-block-image\"><img loading=\"lazy\" decoding=\"async\" width=\"835\" height=\"1181\" src=\"https:\/\/migrainetracker.ca\/wp-content\/uploads\/2019\/08\/calendar_legend-fr.jpg\" alt=\"\" class=\"wp-image-147\" srcset=\"https:\/\/migrainetracker.ca\/wp-content\/uploads\/2019\/08\/calendar_legend-fr.jpg 835w, https:\/\/migrainetracker.ca\/wp-content\/uploads\/2019\/08\/calendar_legend-fr-212x300.jpg 212w, https:\/\/migrainetracker.ca\/wp-content\/uploads\/2019\/08\/calendar_legend-fr-768x1086.jpg 768w, https:\/\/migrainetracker.ca\/wp-content\/uploads\/2019\/08\/calendar_legend-fr-724x1024.jpg 724w\" sizes=\"auto, (max-width: 835px) 100vw, 835px\" \/><\/figure>\n\n\n\n<p style=\"font-size:16px\">Vous pouvez ajouter un nouvel enregistrement en tapant directement sur une journ\u00e9e du calendrier.<\/p>\n\n\n\n<p style=\"font-size:16px\">Vous pouvez afficher et modifier les d\u00e9tails de la crise de migraine en tapant sur un cercle vert, jaune ou rouge dans le calendrier.<\/p>\n\n\n\n<h2 class=\"wp-block-heading\"><strong>Partie inf\u00e9rieure de la page<\/strong><\/h2>\n\n\n\n<p>Cette section affiche un sommaire de tous les enregistrements. Vous trouverez \u00e9galement la liste de tous les sympt\u00f4mes de migraine enregistr\u00e9s.<\/p>\n\n\n\n<p>Tapez sur \u00ab&nbsp;Produire le rapport&nbsp;\u00bb pour exporter le calendrier sous forme de tableau.&nbsp;&nbsp;Ce format est g\u00e9n\u00e9ralement le format le plus utilis\u00e9 par les m\u00e9decins.&nbsp;&nbsp;<\/p>\n\n\n\n<h4 class=\"wp-block-heading\">Indice mensuel de la migraine (MMI)<\/h4>\n\n\n\n<p>L&rsquo;Indice mensuel de la migraine (MMI) combine la fr\u00e9quence et l&rsquo;intensit\u00e9 des crises de migraine sur un mois. Le traitement de la migraine vise \u00e0 r\u00e9duire \u00e0 la fois la fr\u00e9quence et l&rsquo;intensit\u00e9 des crises. Ce chiffre permet aux m\u00e9decins, aux patients et aux assureurs d&rsquo;obtenir rapidement un aper\u00e7u de l&rsquo;impact de cette maladie sur un patient donn\u00e9. Cela permettra de suivre l&rsquo;\u00e9volution de la situation.<\/p>\n\n\n\n<p>Le MMI est un nombre compris entre 0 et 90. Un pointage de 0 signifie qu&rsquo;il n&rsquo;y a eu aucune crise au cours du mois. Un pointage de 90 signifie que vous avez enregistr\u00e9 une crise de migraine s\u00e9v\u00e8re chaque jour du mois.<\/p>\n\n\n\n<p><em>L&rsquo;Indice mensuel de la migraine (MMI) a \u00e9t\u00e9 cr\u00e9\u00e9 par Dre Elizabeth Leroux et 3ALogic Inc. \nCopyright &copy; 2025 Dr Elizabeth Leroux et 3ALogic Inc.<\/em><\/p>\n","protected":false},"excerpt":{"rendered":"<p>Partie sup\u00e9rieure de la page Cette section affiche le calendrier mensuel. Chaque fois que vous enregistrez une nouvelle migraine ou une nouvelle journ\u00e9e sans migraine, l&rsquo;application Calendrier canadien des migraines ajoute un cercle autour de la date de l\u2019enregistrement. Vous pouvez ajouter un nouvel enregistrement&#8230;<\/p>\n","protected":false},"author":2,"featured_media":0,"parent":0,"menu_order":0,"comment_status":"closed","ping_status":"closed","template":"","meta":{"footnotes":""},"class_list":["post-207","page","type-page","status-publish","hentry"],"_links":{"self":[{"href":"https:\/\/migrainetracker.ca\/fr\/wp-json\/wp\/v2\/pages\/207","targetHints":{"allow":["GET"]}}],"collection":[{"href":"https:\/\/migrainetracker.ca\/fr\/wp-json\/wp\/v2\/pages"}],"about":[{"href":"https:\/\/migrainetracker.ca\/fr\/wp-json\/wp\/v2\/types\/page"}],"author":[{"embeddable":true,"href":"https:\/\/migrainetracker.ca\/fr\/wp-json\/wp\/v2\/users\/2"}],"replies":[{"embeddable":true,"href":"https:\/\/migrainetracker.ca\/fr\/wp-json\/wp\/v2\/comments?post=207"}],"version-history":[{"count":6,"href":"https:\/\/migrainetracker.ca\/fr\/wp-json\/wp\/v2\/pages\/207\/revisions"}],"predecessor-version":[{"id":977,"href":"https:\/\/migrainetracker.ca\/fr\/wp-json\/wp\/v2\/pages\/207\/revisions\/977"}],"wp:attachment":[{"href":"https:\/\/migrainetracker.ca\/fr\/wp-json\/wp\/v2\/media?parent=207"}],"curies":[{"name":"wp","href":"https:\/\/api.w.org\/{rel}","templated":true}]}}